{"id":809,"date":"2015-07-29T18:23:13","date_gmt":"2015-07-29T18:23:13","guid":{"rendered":"https:\/\/biblioteca.fsp.usp.br\/?page_id=809"},"modified":"2015-07-29T18:23:13","modified_gmt":"2015-07-29T18:23:13","slug":"grupo-gestor-da-bibliotecacir","status":"publish","type":"page","link":"https:\/\/biblioteca.fsp.usp.br\/index.php\/blog-page_5343\/modelo-organizaciona\/grupo-gestor-da-bibliotecacir\/","title":{"rendered":"Grupo Gestor da Biblioteca\/CIR"},"content":{"rendered":"<p>Tel.: (11) 3061-7711<br \/>\ne-mail: <a data-blogger-escaped-href=\"mailto:bibfsp@edu.usp.br\">bibfsp@edu.usp.br<\/a><\/p>\n<p>O Grupo Gestor tem o papel fundamental de propor metas, objetivos, diretrizes e pol\u00edticas da Biblioteca\/CIR. Seu foco principal de aten\u00e7\u00e3o est\u00e1 voltado para a busca de resultados, sempre orientados pela miss\u00e3o, objetivos e estrat\u00e9gias da Faculdade de Sa\u00fade P\u00fablica.<\/p>\n<p><b>Chefe T\u00e9cnica<\/b>: Maria do Carmo Avamilano Alvarez<\/p>\n<p><b>Servi\u00e7o de Acesso \u00e0 Informa\u00e7\u00e3o:<br \/>\n<\/b>Bibliotec\u00e1rio supervisor Jos\u00e9 Estorniolo Filho<br \/>\nBibliotec\u00e1ria Vera Regina Faria de Sampaio<\/p>\n<p><!--<b>Servi\u00e7o de Desenvolvimento do Acervo:\n<\/b>Bibliotec\u00e1ria supervisora Sonia Garcia Gomes Eleut\u00e9rio--><\/p>\n<p><b>Servi\u00e7o de Indexa\u00e7\u00e3o da Informa\u00e7\u00e3o e Metadados:<br \/>\n<\/b>Bibliotec\u00e1ria supervisora Mariana Granado de Souza Queiroz<\/p>\n<p><b>Servi\u00e7o de Publica\u00e7\u00e3o e Divulga\u00e7\u00e3o:<br \/>\n<\/b>Bibliotec\u00e1ria supervisora Alice Mari Miyazaki de Souza<\/p>\n<p><b>Se\u00e7\u00e3o de Apoio Administrativo:<br \/>\n<\/b>Supervisora Gisele Luiza Cano de Oliveira<\/p>\n","protected":false},"excerpt":{"rendered":"<p>Tel.: (11) 3061-7711 e-mail: bibfsp@edu.usp.br O Grupo Gestor tem o papel fundamental de propor metas, objetivos, diretrizes e pol\u00edticas da Biblioteca\/CIR. Seu foco principal de aten\u00e7\u00e3o est\u00e1 voltado para a busca de resultados, sempre orientados pela miss\u00e3o, objetivos e estrat\u00e9gias <a href=\"https:\/\/biblioteca.fsp.usp.br\/index.php\/blog-page_5343\/modelo-organizaciona\/grupo-gestor-da-bibliotecacir\/\" class=\"read-more\">Read More &#8230;<\/a><\/p>\n","protected":false},"author":2,"featured_media":0,"parent":32,"menu_order":0,"comment_status":"closed","ping_status":"closed","template":"","meta":{"footnotes":""},"class_list":["post-809","page","type-page","status-publish","hentry"],"_links":{"self":[{"href":"https:\/\/biblioteca.fsp.usp.br\/index.php\/wp-json\/wp\/v2\/pages\/809","targetHints":{"allow":["GET"]}}],"collection":[{"href":"https:\/\/biblioteca.fsp.usp.br\/index.php\/wp-json\/wp\/v2\/pages"}],"about":[{"href":"https:\/\/biblioteca.fsp.usp.br\/index.php\/wp-json\/wp\/v2\/types\/page"}],"author":[{"embeddable":true,"href":"https:\/\/biblioteca.fsp.usp.br\/index.php\/wp-json\/wp\/v2\/users\/2"}],"replies":[{"embeddable":true,"href":"https:\/\/biblioteca.fsp.usp.br\/index.php\/wp-json\/wp\/v2\/comments?post=809"}],"version-history":[{"count":0,"href":"https:\/\/biblioteca.fsp.usp.br\/index.php\/wp-json\/wp\/v2\/pages\/809\/revisions"}],"up":[{"embeddable":true,"href":"https:\/\/biblioteca.fsp.usp.br\/index.php\/wp-json\/wp\/v2\/pages\/32"}],"wp:attachment":[{"href":"https:\/\/biblioteca.fsp.usp.br\/index.php\/wp-json\/wp\/v2\/media?parent=809"}],"curies":[{"name":"wp","href":"https:\/\/api.w.org\/{rel}","templated":true}]}}