{"id":788,"date":"2015-07-29T17:58:25","date_gmt":"2015-07-29T17:58:25","guid":{"rendered":"https:\/\/biblioteca.fsp.usp.br\/?page_id=788"},"modified":"2015-07-29T17:58:25","modified_gmt":"2015-07-29T17:58:25","slug":"programas","status":"publish","type":"page","link":"https:\/\/biblioteca.fsp.usp.br\/index.php\/blog-page_5343\/modelo-organizaciona\/programas\/","title":{"rendered":"Programas"},"content":{"rendered":"<p>O Modelo Organizacional adotado pela Biblioteca\/CIR utiliza fun\u00e7\u00f5es matriciais que respondem pela maior din\u00e2mica organizacional, permitindo mobilidade das diferentes fun\u00e7\u00f5es institucionais, flexibilizando-as para atender a demandas n\u00e3o previstas. Representadas por programas e projetos multidisciplinares que s\u00e3o formados por membros da equipe, abrindo a possibilidade da participa\u00e7\u00e3o externa em seu desenvolvimento. Tais fun\u00e7\u00f5es est\u00e3o representadas no diagrama por linhas horizontais, perpassando todas as \u00e1reas.<\/p>\n<p>Os atuais e principais programas da Biblioteca\/CIR s\u00e3o:<\/p>\n<p><b>Programa Educativo<\/b><\/p>\n<blockquote><p>E-mail: <a data-blogger-escaped-href=\"mailto:acesso@fsp.usp.br\">acesso@fsp.usp.br<\/a><br \/>\nTel.: (11) 3061-7760 \/ 3061-7137<\/p>\n<p align=\"justify\">O Programa Educativo tem por objetivo oferecer conhecimentos para que voc\u00ea realize suas pesquisas na Biblioteca\/CIR de forma eficiente e com autonomia. Busca tamb\u00e9m orientar na organiza\u00e7\u00e3o e normaliza\u00e7\u00e3o de trabalhos acad\u00eamicos.<\/p>\n<p>\u00c9 oferecido em duas modalidades:<\/p>\n<p align=\"justify\">&#8211; Disciplinas curriculares<br \/>\n&#8211; Capacita\u00e7\u00e3o no uso de bases de dados<\/p>\n<\/blockquote>\n<p><b>Biblioteca Virtual em Sa\u00fade P\u00fablica &#8211; BVS-SP<\/b><\/p>\n<blockquote><p>Tel.: (11) 3061-7711 \/ 7825<br \/>\nE-mail: <a data-blogger-escaped-href=\"mailto:bibfsp@edu.usp.br\">bibfsp@usp.br<\/a><\/p>\n<p>A Biblioteca Virtual em Sa\u00fade P\u00fablica (BVS-SP) \u00e9 o resultado de parceria entre o Minist\u00e9rio da Sa\u00fade e a OPAS, coordenada pela BIREME. Participaram do seu desenvolvimento e integram a rede, a Faculdade de Sa\u00fade P\u00fablica da USP, a Escola Nacional de Sa\u00fade P\u00fablica, a ABRASCO e a OPS\/Bras\u00edlia.<\/p>\n<p><b>Coordena\u00e7\u00e3o geral:<\/b><br \/>\nMaria do Carmo Avamilano Alvarez<\/p>\n<p><b>Equipe:<\/b><br \/>\nBibl. Alice Mari Miyazaki de Souza<br \/>\nBibl. Vera Regina Faria de Sampaio<br \/>\nGabriela Pinheiro da Concei\u00e7\u00e3o<br \/>\nMagaly Negrisoli<br \/>\nReginaldo Grenzi da Silva<br \/>\nRosangela Cavalcante Ferreira<\/p>\n<p>Al\u00e9m desses projetos, a Biblioteca\/CIR colabora com outras fontes da Biblioteca Virtual em Sa\u00fade P\u00fablica, entre as quais a de Estrutura Tem\u00e1tica, base de dados Lilacs, Portal de Revistas, Apoio a Tomadores de Decis\u00e3o, Portal de Teses e Disserta\u00e7\u00f5es, Diret\u00f3rio de Especialistas, Eventos e Not\u00edcias. Colabora tamb\u00e9m na divulga\u00e7\u00e3o e capacita\u00e7\u00e3o no acesso e opera\u00e7\u00f5es das fontes de informa\u00e7\u00e3o da BVS-SP.<\/p><\/blockquote>\n<p><b>Est\u00e1gio Orientado e Acolhimento de Novos Funcion\u00e1rios\/Colaboradores<\/b><\/p>\n<p><b>Qualidade e Produtividade da Biblioteca<\/b><\/p>\n<p><b>Apoio \u00e0 Revista de Sa\u00fade P\u00fablica e demais publica\u00e7\u00f5es oficiais da Faculdade de Sa\u00fade P\u00fablica<\/b><\/p>\n<p><b>Divulga\u00e7\u00e3o de Pesquisas<\/b><\/p>\n","protected":false},"excerpt":{"rendered":"<p>O Modelo Organizacional adotado pela Biblioteca\/CIR utiliza fun\u00e7\u00f5es matriciais que respondem pela maior din\u00e2mica organizacional, permitindo mobilidade das diferentes fun\u00e7\u00f5es institucionais, flexibilizando-as para atender a demandas n\u00e3o previstas. Representadas por programas e projetos multidisciplinares que s\u00e3o formados por membros da <a href=\"https:\/\/biblioteca.fsp.usp.br\/index.php\/blog-page_5343\/modelo-organizaciona\/programas\/\" class=\"read-more\">Read More &#8230;<\/a><\/p>\n","protected":false},"author":2,"featured_media":0,"parent":32,"menu_order":0,"comment_status":"closed","ping_status":"closed","template":"","meta":{"footnotes":""},"class_list":["post-788","page","type-page","status-publish","hentry"],"_links":{"self":[{"href":"https:\/\/biblioteca.fsp.usp.br\/index.php\/wp-json\/wp\/v2\/pages\/788","targetHints":{"allow":["GET"]}}],"collection":[{"href":"https:\/\/biblioteca.fsp.usp.br\/index.php\/wp-json\/wp\/v2\/pages"}],"about":[{"href":"https:\/\/biblioteca.fsp.usp.br\/index.php\/wp-json\/wp\/v2\/types\/page"}],"author":[{"embeddable":true,"href":"https:\/\/biblioteca.fsp.usp.br\/index.php\/wp-json\/wp\/v2\/users\/2"}],"replies":[{"embeddable":true,"href":"https:\/\/biblioteca.fsp.usp.br\/index.php\/wp-json\/wp\/v2\/comments?post=788"}],"version-history":[{"count":0,"href":"https:\/\/biblioteca.fsp.usp.br\/index.php\/wp-json\/wp\/v2\/pages\/788\/revisions"}],"up":[{"embeddable":true,"href":"https:\/\/biblioteca.fsp.usp.br\/index.php\/wp-json\/wp\/v2\/pages\/32"}],"wp:attachment":[{"href":"https:\/\/biblioteca.fsp.usp.br\/index.php\/wp-json\/wp\/v2\/media?parent=788"}],"curies":[{"name":"wp","href":"https:\/\/api.w.org\/{rel}","templated":true}]}}