{"id":3353,"date":"2026-05-06T16:06:02","date_gmt":"2026-05-06T19:06:02","guid":{"rendered":"https:\/\/biblioteca.fsp.usp.br\/?page_id=3353"},"modified":"2026-05-07T15:15:36","modified_gmt":"2026-05-07T18:15:36","slug":"capacitacao-e-apoio-a-pesquisa","status":"publish","type":"page","link":"https:\/\/biblioteca.fsp.usp.br\/index.php\/capacitacao-e-apoio-a-pesquisa\/","title":{"rendered":"Capacita\u00e7\u00e3o e Apoio \u00e0 Pesquisa"},"content":{"rendered":"\n<p>A Biblioteca oferece forma\u00e7\u00f5es especializadas para o uso de diferentes recursos informacionais. Nosso objetivo \u00e9 capacitar nossa comunidade para realizar buscas com autonomia, rigor e assertividade.\u00a0<\/p>\n\n\n\n<p>Oferecemos treinamentos por meio de um calend\u00e1rio regular e tamb\u00e9m sob demanda.<\/p>\n\n\n\n<p><\/p>\n\n\n\n<p><\/p>\n\n\n\n<h2 class=\"wp-block-heading\">Calend\u00e1rio de Forma\u00e7\u00f5es Online<\/h2>\n\n\n\n<p><\/p>\n\n\n\n<ul class=\"wp-block-list\">\n<li>Atividade: <em>em breve<\/em><\/li>\n\n\n\n<li>Data: <em>em breve<\/em><\/li>\n\n\n\n<li>Inscri\u00e7\u00e3o: <em>em breve<\/em><\/li>\n<\/ul>\n\n\n\n<section class=\"fsp-servicos-fixos\">\n    <div class=\"fsp-servicos-header\">\n        <h2> Atendimentos e Forma\u00e7\u00f5es sob Demanda<\/h2>\n        <p>Servi\u00e7os sob medida realizados nos formatos <strong>online ou presencial<\/strong>:<\/p>\n    <\/div>\n\n    <div class=\"fsp-grid-clean\">\n        <!-- Card 1 -->\n        <div class=\"fsp-card-item\">\n            <h3>Atendimento Individualizado<\/h3>\n            <p>Sess\u00f5es para ajudar voc\u00ea a dominar os recursos de busca, elaborar e refinar estrat\u00e9gias de pesquisa e otimizar o seu fluxo de trabalho.<\/p>\n        <\/div>\n\n        <!-- Card 2 -->\n        <div class=\"fsp-card-item\">\n            <h3>Forma\u00e7\u00f5es para Grupos<\/h3>\n            <p>Treinamentos sob demanda para pequenos grupos, equipes de pesquisa ou disciplinas, adaptando o conte\u00fado e a profundidade ao foco de estudo da sua equipe.<\/p>\n        <\/div>\n\n        <!-- Card 3 -->\n        <div class=\"fsp-card-item\">\n            <h3>Apoio a Disciplinas<\/h3>\n            <p>A Biblioteca colabora em disciplinas da gradua\u00e7\u00e3o, p\u00f3s-gradua\u00e7\u00e3o e extens\u00e3o da FSP. O docente pode entrar em contato para agendar.<\/p>\n        <\/div>\n    <\/div>\n<\/section>\n\n<style>\n    .fsp-servicos-fixos {\n        margin: 40px 0;\n        font-family: sans-serif;\n    }\n    .fsp-servicos-header {\n        text-align: center;\n        margin-bottom: 30px;\n    }\n    .fsp-servicos-header h2 {\n        color: #004a80; \/* Azul Marinho USP *\/\n        font-size: 24px;\n    }\n    .fsp-grid-clean {\n        display: grid;\n        grid-template-columns: repeat(auto-fit, minmax(280px, 1fr));\n        gap: 20px;\n    }\n    .fsp-card-item {\n        background: #ffffff; \/* Branco para destacar do verde \u00e1gua *\/\n        border-radius: 10px;\n        padding: 25px;\n        box-shadow: 0 4px 10px rgba(0,0,0,0.08);\n        border-bottom: 4px solid #004a80;\n        transition: transform 0.2s;\n    }\n    .fsp-card-item:hover {\n        transform: translateY(-5px);\n    }\n    .fsp-card-item h3 {\n        color: #004a80;\n        margin-top: 0;\n        font-size: 18px;\n        border-bottom: 1px solid #eee;\n        padding-bottom: 10px;\n    }\n    .fsp-card-item p {\n        font-size: 14px;\n        color: #444;\n        line-height: 1.5;\n        margin-bottom: 0;\n    }\n<\/style>\n\n\n\n<p><\/p>\n\n\n\n<h2 class=\"wp-block-heading\">O que voc\u00ea pode aprender conosco?<\/h2>\n\n\n\n<ul class=\"wp-block-list\">\n<li><strong>Inicia\u00e7\u00e3o \u00e0 pesquisa:<\/strong> Primeiros passos no ecossistema de informa\u00e7\u00e3o cient\u00edfica, ideal para quem est\u00e1 come\u00e7ando. A partir do Portal de Busca Integrada, ensinamos como explorar o acervo da USP para localizar livros, artigos e outros materiais.<\/li>\n\n\n\n<li><strong>Pesquisa avan\u00e7ada:<\/strong> Estrat\u00e9gias para revis\u00e3o de literatura. Oferecemos treinamentos pr\u00e1ticos para otimizar suas buscas nas principais bases de dados da \u00e1rea da sa\u00fade, como PubMed, LILACS, PsycINFO e Web of Science.<\/li>\n\n\n\n<li><strong>Gerenciadores de refer\u00eancias:<\/strong> Aprenda a organizar seus registros bibliogr\u00e1ficos, gerenciar arquivos em PDF e automatizar a cria\u00e7\u00e3o de cita\u00e7\u00f5es e refer\u00eancias nos seus trabalhos utilizando o Zotero.<\/li>\n<\/ul>\n\n\n\n<div class=\"fsp-contato-destaque\">\n    <p class=\"fsp-contato-texto\">\n        Como podemos ajudar na sua pesquisa? <br>\n        <strong>Agende seu atendimento pelo e-mail:<\/strong> \n        <a href=\"mailto:acesso@fsp.usp.br\" class=\"fsp-link-email\">acesso@fsp.usp.br<\/a>\n    <\/p>\n<\/div>\n\n<style>\n    .fsp-contato-destaque {\n        \/* Cor baseada na imagem enviada *\/\n        background-color: #1793a6; \n        padding: 35px 25px;\n        border-radius: 15px;\n        text-align: center;\n        margin: 40px 0;\n        \/* Sombra suave para dar profundidade sobre o fundo da p\u00e1gina *\/\n        box-shadow: 0 6px 20px rgba(0,0,0,0.1);\n        border: 1px solid rgba(255,255,255,0.1);\n    }\n\n    .fsp-contato-texto {\n        color: #ffffff !important; \/* Branco para leitura clara sobre o turquesa *\/\n        font-family: 'Segoe UI', Roboto, Helvetica, Arial, sans-serif;\n        font-size: 19px;\n        margin: 0 !important;\n        line-height: 1.6;\n    }\n\n    .fsp-link-email {\n        color: #ffffff !important;\n        text-decoration: none;\n        font-weight: bold;\n        border-bottom: 2px solid rgba(255,255,255,0.5);\n        transition: all 0.3s ease;\n        display: inline-block;\n        margin-top: 5px;\n    }\n\n    .fsp-link-email:hover {\n        border-bottom-color: #ffffff;\n        transform: scale(1.02);\n    }\n\n    \/* Responsividade para celulares *\/\n    @media (max-width: 600px) {\n        .fsp-contato-texto {\n            font-size: 17px;\n        }\n    }\n<\/style>\n\n\n\n<div class=\"wp-block-group\"><div class=\"wp-block-group__inner-container is-layout-constrained wp-block-group-is-layout-constrained\"><\/div><\/div>\n\n\n\n<p><\/p>\n","protected":false},"excerpt":{"rendered":"<p>A Biblioteca oferece forma\u00e7\u00f5es especializadas para o uso de diferentes recursos informacionais. Nosso objetivo \u00e9 capacitar nossa comunidade para realizar buscas com autonomia, rigor e assertividade.\u00a0 Oferecemos treinamentos por meio de um calend\u00e1rio regular e tamb\u00e9m sob demanda. Calend\u00e1rio de <a href=\"https:\/\/biblioteca.fsp.usp.br\/index.php\/capacitacao-e-apoio-a-pesquisa\/\" class=\"read-more\">Read More &#8230;<\/a><\/p>\n","protected":false},"author":2,"featured_media":0,"parent":0,"menu_order":0,"comment_status":"closed","ping_status":"closed","template":"","meta":{"footnotes":""},"class_list":["post-3353","page","type-page","status-publish","hentry"],"_links":{"self":[{"href":"https:\/\/biblioteca.fsp.usp.br\/index.php\/wp-json\/wp\/v2\/pages\/3353","targetHints":{"allow":["GET"]}}],"collection":[{"href":"https:\/\/biblioteca.fsp.usp.br\/index.php\/wp-json\/wp\/v2\/pages"}],"about":[{"href":"https:\/\/biblioteca.fsp.usp.br\/index.php\/wp-json\/wp\/v2\/types\/page"}],"author":[{"embeddable":true,"href":"https:\/\/biblioteca.fsp.usp.br\/index.php\/wp-json\/wp\/v2\/users\/2"}],"replies":[{"embeddable":true,"href":"https:\/\/biblioteca.fsp.usp.br\/index.php\/wp-json\/wp\/v2\/comments?post=3353"}],"version-history":[{"count":19,"href":"https:\/\/biblioteca.fsp.usp.br\/index.php\/wp-json\/wp\/v2\/pages\/3353\/revisions"}],"predecessor-version":[{"id":3376,"href":"https:\/\/biblioteca.fsp.usp.br\/index.php\/wp-json\/wp\/v2\/pages\/3353\/revisions\/3376"}],"wp:attachment":[{"href":"https:\/\/biblioteca.fsp.usp.br\/index.php\/wp-json\/wp\/v2\/media?parent=3353"}],"curies":[{"name":"wp","href":"https:\/\/api.w.org\/{rel}","templated":true}]}}