{"id":32,"date":"2013-10-04T14:11:00","date_gmt":"2013-10-04T14:11:00","guid":{"rendered":"https:\/\/biblioteca.fsp.usp.br\/index.php\/modelo-organizaciona\/"},"modified":"2013-10-04T14:11:00","modified_gmt":"2013-10-04T14:11:00","slug":"modelo-organizaciona","status":"publish","type":"page","link":"https:\/\/biblioteca.fsp.usp.br\/index.php\/blog-page_5343\/modelo-organizaciona\/","title":{"rendered":"Modelo Organizacional"},"content":{"rendered":"<div class=\"separator\"><\/div>\n<div class=\"separator\">Fale conosco! Para saber quem \u00e9 quem na equipe da Biblioteca\/CIR, clique sobre seus setores ou programas.<\/div>\n<div class=\"separator\"><\/div>\n<p>&nbsp;<\/p>\n<div class=\"separator\">\n<p><img loading=\"lazy\" decoding=\"async\" class=\"aligncenter wp-image-58 size-full\" src=\"https:\/\/hygeiadesenv.fsp.usp.br\/biblioteca\/wp-content\/uploads\/2013\/10\/organograma.jpg\" alt=\"organograma\" usemap=\"#Mapa\" width=\"570\" height=\"333\" srcset=\"https:\/\/biblioteca.fsp.usp.br\/wp-content\/uploads\/2013\/10\/organograma.jpg 570w, https:\/\/biblioteca.fsp.usp.br\/wp-content\/uploads\/2013\/10\/organograma-300x175.jpg 300w, https:\/\/biblioteca.fsp.usp.br\/wp-content\/uploads\/2013\/10\/organograma-360x210.jpg 360w\" sizes=\"auto, (max-width: 570px) 100vw, 570px\" \/><\/p>\n<map id=\"Mapa\" name=\"Mapa\">\n<area coords=\"372,-2,512,32\" shape=\"rect\" href=\"https:\/\/biblioteca.fsp.usp.br\/?p=811\" \/>\n<area coords=\"220,42,324,74\" shape=\"rect\" href=\"http:\/\/www.fsp.usp.br\/site\/paginas\/mostrar\/129\" target=\"_blank\" \/>\n<area coords=\"327,117,572,139\" shape=\"rect\" href=\"https:\/\/biblioteca.fsp.usp.br\/?p=788\" \/>\n<area coords=\"548,137,570,265\" shape=\"rect\" href=\"https:\/\/biblioteca.fsp.usp.br\/?p=788\" \/>\n<area coords=\"1,183,551,265\" shape=\"rect\" href=\"https:\/\/biblioteca.fsp.usp.br\/?p=788\" \/>\n<area coords=\"437,265,541,334\" shape=\"rect\" href=\"https:\/\/biblioteca.fsp.usp.br\/?p=793\" \/>\n<area coords=\"31,90,172,119\" shape=\"rect\" href=\"https:\/\/biblioteca.fsp.usp.br\/?p=785\" \/>\n<area coords=\"331,267,432,330\" shape=\"rect\" href=\"https:\/\/biblioteca.fsp.usp.br\/?p=795\" \/>\n<area coords=\"115,266,217,332\" shape=\"rect\" href=\"https:\/\/biblioteca.fsp.usp.br\/?p=799\" \/>\n<area coords=\"10,267,109,338\" shape=\"rect\" href=\"https:\/\/biblioteca.fsp.usp.br\/?p=801\" \/>\n<area coords=\"223,268,325,331\" shape=\"rect\" href=\"https:\/\/biblioteca.fsp.usp.br\/?p=805\" \/>\n<area coords=\"220,92,325,130\" shape=\"rect\" href=\"https:\/\/biblioteca.fsp.usp.br\/?p=807\" \/>\n<area coords=\"221,131,323,157\" shape=\"rect\" href=\"https:\/\/biblioteca.fsp.usp.br\/?p=809\" \/> <\/map>\n<\/div>\n<div class=\"separator\">\n<div class=\"separator\"><\/div>\n<p>&nbsp;<\/p>\n<div class=\"separator\"><strong>Conhe\u00e7a mais sobre o Modelo Organizacional adotado na Biblioteca\/CIR:<\/strong><\/div>\n<div class=\"separator\">Andrade MTD, Cuenca AMB, Sadi BSC, Camargo CA, Abdalla ERF, Hussein FS et al. Mudan\u00e7as e inova\u00e7\u00f5es: novo modelo de organiza\u00e7\u00e3o e gest\u00e3o de biblioteca acad\u00eamica. Ci Inf 1998; 27(3). Dispon\u00edvel em: <a href=\"http:\/\/www.scielo.br\/scielo.php?script=sci_serial&amp;pid=0100-1965&amp;lng=pt&amp;nrm=iso\" target=\"_blank\">http:\/\/www.scielo.br<\/a>.<\/div>\n<\/div>\n<div style=\"text-align: justify;\"><\/div>\n","protected":false},"excerpt":{"rendered":"<p>Fale conosco! Para saber quem \u00e9 quem na equipe da Biblioteca\/CIR, clique sobre seus setores ou programas. &nbsp; &nbsp; Conhe\u00e7a mais sobre o Modelo Organizacional adotado na Biblioteca\/CIR: Andrade MTD, Cuenca AMB, Sadi BSC, Camargo CA, Abdalla ERF, Hussein FS <a href=\"https:\/\/biblioteca.fsp.usp.br\/index.php\/blog-page_5343\/modelo-organizaciona\/\" class=\"read-more\">Read More &#8230;<\/a><\/p>\n","protected":false},"author":2,"featured_media":0,"parent":36,"menu_order":1,"comment_status":"closed","ping_status":"closed","template":"","meta":{"footnotes":""},"class_list":["post-32","page","type-page","status-publish","hentry"],"_links":{"self":[{"href":"https:\/\/biblioteca.fsp.usp.br\/index.php\/wp-json\/wp\/v2\/pages\/32","targetHints":{"allow":["GET"]}}],"collection":[{"href":"https:\/\/biblioteca.fsp.usp.br\/index.php\/wp-json\/wp\/v2\/pages"}],"about":[{"href":"https:\/\/biblioteca.fsp.usp.br\/index.php\/wp-json\/wp\/v2\/types\/page"}],"author":[{"embeddable":true,"href":"https:\/\/biblioteca.fsp.usp.br\/index.php\/wp-json\/wp\/v2\/users\/2"}],"replies":[{"embeddable":true,"href":"https:\/\/biblioteca.fsp.usp.br\/index.php\/wp-json\/wp\/v2\/comments?post=32"}],"version-history":[{"count":0,"href":"https:\/\/biblioteca.fsp.usp.br\/index.php\/wp-json\/wp\/v2\/pages\/32\/revisions"}],"up":[{"embeddable":true,"href":"https:\/\/biblioteca.fsp.usp.br\/index.php\/wp-json\/wp\/v2\/pages\/36"}],"wp:attachment":[{"href":"https:\/\/biblioteca.fsp.usp.br\/index.php\/wp-json\/wp\/v2\/media?parent=32"}],"curies":[{"name":"wp","href":"https:\/\/api.w.org\/{rel}","templated":true}]}}