{"id":2708,"date":"2024-12-11T10:13:12","date_gmt":"2024-12-11T13:13:12","guid":{"rendered":"https:\/\/hygeiadesenv.fsp.usp.br\/biblioteca\/?page_id=2708"},"modified":"2026-04-16T16:52:02","modified_gmt":"2026-04-16T19:52:02","slug":"homepage","status":"publish","type":"page","link":"https:\/\/biblioteca.fsp.usp.br\/","title":{"rendered":"Homepage"},"content":{"rendered":"\n<div class=\"wp-block-group is-layout-grid wp-container-core-group-is-layout-9649a0d9 wp-block-group-is-layout-grid\">\n<p class=\"has-text-align-center has-black-color has-text-color has-background has-link-color has-normal-font-size wp-elements-e8da0d52d81d4e376182d394c97fe8fc wp-container-content-f67f277b\" style=\"background-color:#99cccc\"><a href=\"https:\/\/www.buscaintegrada.usp.br\/primo_library\/libweb\/action\/search.do\"><strong>Busca Integrada<\/strong><\/a><\/p>\n\n\n\n<p class=\"has-text-align-center has-black-color has-text-color has-background has-link-color has-normal-font-size wp-elements-8037c0d38c1570b5f844703d1f5ffb14 wp-container-content-f67f277b\" style=\"background-color:#99cccc\"><a href=\"http:\/\/dedalus.usp.br\"><strong>Dedalus<\/strong><\/a><\/p>\n\n\n\n<p class=\"has-text-align-center has-black-color has-text-color has-background has-link-color has-normal-font-size wp-elements-25cdf3eeca07cd5b9bf557154c692d41 wp-container-content-f67f277b\" style=\"background-color:#99cccc\"><a href=\"https:\/\/lilacs.bvsalud.org\/\"><strong>Lilacs<\/strong><\/a><\/p>\n\n\n\n<p class=\"has-text-align-center has-black-color has-text-color has-background has-link-color has-normal-font-size wp-elements-93607bf538eca639d24004c1f8188680 wp-container-content-f67f277b\" style=\"background-color:#99cccc\"><a href=\"https:\/\/pubmed.ncbi.nlm.nih.gov\/\"><strong>PubMed<\/strong><\/a><\/p>\n\n\n\n<p class=\"has-text-align-center has-black-color has-text-color has-background has-link-color has-normal-font-size wp-elements-b0b7acc1f15d679ef3e11b099b683b43 wp-container-content-f67f277b\" style=\"background-color:#99cccc\"><a href=\"https:\/\/www.abcd.usp.br\/bases-dados\/\"><strong>Base de Dados USP<\/strong><\/a><\/p>\n\n\n\n<p class=\"has-text-align-center has-black-color has-text-color has-background has-link-color has-normal-font-size wp-elements-4ddc15de017fae0e86f188781faf2c0f wp-container-content-f67f277b\" style=\"background-color:#99cccc\"><a href=\"https:\/\/repositorio.usp.br\/\"><strong>Produ\u00e7\u00e3o USP<\/strong><\/a><\/p>\n\n\n\n<p class=\"has-text-align-center has-black-color has-text-color has-background has-link-color has-normal-font-size wp-elements-371aaec734d49d36b45fc674a72e53a3 wp-container-content-f67f277b\" style=\"background-color:#99cccc\"><a href=\"https:\/\/www.teses.usp.br\/\"><strong>Teses Digitais USP<\/strong><\/a><\/p>\n\n\n\n<p class=\"has-text-align-center has-black-color has-text-color has-background has-link-color has-normal-font-size wp-elements-5f0ea6627954b282e461fe2cd25cad4b wp-container-content-f67f277b\" style=\"background-color:#99cccc\"><a href=\"https:\/\/www.abcd.usp.br\/revistas-az\/\"><strong>Revistas Eletr\u00f4nicas<\/strong><\/a><\/p>\n\n\n\n<p class=\"has-text-align-center has-black-color has-text-color has-background has-link-color has-normal-font-size wp-elements-8ec7967cdf9d41d63a0358b9d842d2d8 wp-container-content-f67f277b\" style=\"background-color:#99cccc\"><a href=\"https:\/\/colecoes.abcd.usp.br\/fsp\/collections\/show\/4\"><strong>Editora Eletr\u00f4nica da FSP<\/strong><\/a><\/p>\n\n\n\n<p class=\"has-text-align-center has-black-color has-text-color has-background has-link-color has-normal-font-size wp-elements-854757cb0f98112d928569ba18341873 wp-container-content-f67f277b\" style=\"background-color:#99cccc\"><a href=\"https:\/\/colecoes.abcd.usp.br\/fsp\/\"><strong>E-Cole\u00e7\u00f5es FSP<\/strong><\/a><\/p>\n\n\n\n<p class=\"has-text-align-center has-black-color has-text-color has-background has-link-color has-normal-font-size wp-elements-19b373977aff64d193eff03b74ac1e7f wp-container-content-f67f277b\" style=\"background-color:#99cccc\"><a href=\"https:\/\/bdta.abcd.usp.br\/\"><strong>TCCs FSP<\/strong><\/a><\/p>\n\n\n\n<p class=\"has-text-align-center has-black-color has-text-color has-background has-link-color has-normal-font-size wp-elements-c0b9794daacc01ff1985e9c93000a48b wp-container-content-f67f277b\" style=\"background-color:#99cccc\"><a href=\"https:\/\/www-periodicos-capes-gov-br.ez67.periodicos.capes.gov.br\/\"><strong>Peri\u00f3dicos CAPES<\/strong><\/a><\/p>\n\n\n\n<p class=\"has-text-align-center has-black-color has-text-color has-background has-link-color has-normal-font-size wp-elements-8180348d240467f4ed303c7c92472600 wp-container-content-f67f277b\" style=\"background-color:#99cccc\"><a href=\"https:\/\/bvsalud.org\/\"><strong>Biblioteca Virtual em Sa\u00fade<\/strong><\/a><\/p>\n\n\n\n<p class=\"has-text-align-center has-black-color has-text-color has-background has-link-color has-normal-font-size wp-elements-9d1bfd9375d5fe16b2c462459b4a4496 wp-container-content-f67f277b\" style=\"background-color:#99cccc\"><a href=\"https:\/\/saudepublica.bvs.br\/\"><strong>BVS Sa\u00fade P\u00fablica<\/strong><\/a><\/p>\n\n\n\n<p class=\"has-text-align-center has-black-color has-text-color has-background has-link-color has-normal-font-size wp-elements-a38996220e8966067dd37f7a4adb5491 wp-container-content-f67f277b\" style=\"background-color:#99cccc\"><a href=\"https:\/\/decs.bvsalud.org\/\"><strong>Terminologia em Sa\u00fade<\/strong><\/a><\/p>\n\n\n\n<p class=\"has-text-align-center has-black-color has-text-color has-background has-link-color has-normal-font-size wp-elements-085dcb9af441bdcdf9487c6ff22cf4aa wp-container-content-f67f277b\" style=\"background-color:#99cccc\"><a href=\"https:\/\/acesso.abcd.usp.br\/\"><strong>Minha Biblioteca<\/strong><\/a><\/p>\n\n\n\n<p class=\"has-text-align-center has-black-color has-text-color has-background has-link-color has-normal-font-size wp-elements-ee052b904ed32d168f488c57c8a7a65b wp-container-content-f67f277b\" style=\"background-color:#99cccc\"><a href=\"https:\/\/plataforma.bvirtual.com.br\/acesso\/usp20\"><strong>Biblioteca virtual Pearson<\/strong><\/a><\/p>\n\n\n\n<p class=\"has-text-align-center has-black-color has-text-color has-background has-link-color has-normal-font-size wp-elements-a63a427c35c8addb9cc86e20ab49bc66 wp-container-content-f67f277b\" style=\"background-color:#99cccc\"><strong><a href=\"https:\/\/www.abcd.usp.br\/\">Ag\u00eancia de Bibliotecas e Cole\u00e7\u00f5es Digitais da USP<\/a><\/strong><\/p>\n<\/div>\n\n\n\n<p><\/p>\n","protected":false},"excerpt":{"rendered":"<p>Busca Integrada Dedalus Lilacs PubMed Base de Dados USP Produ\u00e7\u00e3o USP Teses Digitais USP Revistas Eletr\u00f4nicas Editora Eletr\u00f4nica da FSP E-Cole\u00e7\u00f5es FSP TCCs FSP Peri\u00f3dicos CAPES Biblioteca Virtual em Sa\u00fade BVS Sa\u00fade P\u00fablica Terminologia em Sa\u00fade Minha Biblioteca Biblioteca virtual <a href=\"https:\/\/biblioteca.fsp.usp.br\/\" class=\"read-more\">Read More &#8230;<\/a><\/p>\n","protected":false},"author":1,"featured_media":0,"parent":0,"menu_order":0,"comment_status":"closed","ping_status":"closed","template":"page-templates\/front-page.php","meta":{"footnotes":""},"class_list":["post-2708","page","type-page","status-publish","hentry"],"_links":{"self":[{"href":"https:\/\/biblioteca.fsp.usp.br\/index.php\/wp-json\/wp\/v2\/pages\/2708","targetHints":{"allow":["GET"]}}],"collection":[{"href":"https:\/\/biblioteca.fsp.usp.br\/index.php\/wp-json\/wp\/v2\/pages"}],"about":[{"href":"https:\/\/biblioteca.fsp.usp.br\/index.php\/wp-json\/wp\/v2\/types\/page"}],"author":[{"embeddable":true,"href":"https:\/\/biblioteca.fsp.usp.br\/index.php\/wp-json\/wp\/v2\/users\/1"}],"replies":[{"embeddable":true,"href":"https:\/\/biblioteca.fsp.usp.br\/index.php\/wp-json\/wp\/v2\/comments?post=2708"}],"version-history":[{"count":7,"href":"https:\/\/biblioteca.fsp.usp.br\/index.php\/wp-json\/wp\/v2\/pages\/2708\/revisions"}],"predecessor-version":[{"id":2861,"href":"https:\/\/biblioteca.fsp.usp.br\/index.php\/wp-json\/wp\/v2\/pages\/2708\/revisions\/2861"}],"wp:attachment":[{"href":"https:\/\/biblioteca.fsp.usp.br\/index.php\/wp-json\/wp\/v2\/media?parent=2708"}],"curies":[{"name":"wp","href":"https:\/\/api.w.org\/{rel}","templated":true}]}}