{"id":2608,"date":"2024-03-11T12:50:06","date_gmt":"2024-03-11T12:50:06","guid":{"rendered":"https:\/\/biblioteca.fsp.usp.br\/?page_id=2608"},"modified":"2024-03-11T12:50:06","modified_gmt":"2024-03-11T12:50:06","slug":"solicitacao-de-copia-de-documentos-comut","status":"publish","type":"page","link":"https:\/\/biblioteca.fsp.usp.br\/index.php\/solicitacao-de-copia-de-documentos-comut\/","title":{"rendered":"Solicita\u00e7\u00e3o de c\u00f3pia de Documentos &#8211; COMUT"},"content":{"rendered":"<div>Este servi\u00e7o destina-se a docentes, funcion\u00e1rios e alunos da Faculdade de Sa\u00fade P\u00fablica da USP.<\/p>\n<p>Utilize este servi\u00e7o para solicitar c\u00f3pias de documentos (artigos de peri\u00f3dicos, teses e cap\u00edtulos de livros) de outras bibliotecas da USP e de bibliotecas conveniadas, no Brasil e exterior.<\/p><\/div>\n<div><\/div>\n<div>Solicite pelo e-mail:\u00a0<a href=\"mailto:comut@fsp.usp.br\" target=\"_blank\" rel=\"noopener\">comut@fsp.usp.br<\/a><\/div>\n","protected":false},"excerpt":{"rendered":"<p>Este servi\u00e7o destina-se a docentes, funcion\u00e1rios e alunos da Faculdade de Sa\u00fade P\u00fablica da USP. Utilize este servi\u00e7o para solicitar c\u00f3pias de documentos (artigos de peri\u00f3dicos, teses e cap\u00edtulos de livros) de outras bibliotecas da USP e de bibliotecas conveniadas, <a href=\"https:\/\/biblioteca.fsp.usp.br\/index.php\/solicitacao-de-copia-de-documentos-comut\/\" class=\"read-more\">Read More &#8230;<\/a><\/p>\n","protected":false},"author":1,"featured_media":0,"parent":0,"menu_order":0,"comment_status":"closed","ping_status":"closed","template":"","meta":{"footnotes":""},"class_list":["post-2608","page","type-page","status-publish","hentry"],"_links":{"self":[{"href":"https:\/\/biblioteca.fsp.usp.br\/index.php\/wp-json\/wp\/v2\/pages\/2608","targetHints":{"allow":["GET"]}}],"collection":[{"href":"https:\/\/biblioteca.fsp.usp.br\/index.php\/wp-json\/wp\/v2\/pages"}],"about":[{"href":"https:\/\/biblioteca.fsp.usp.br\/index.php\/wp-json\/wp\/v2\/types\/page"}],"author":[{"embeddable":true,"href":"https:\/\/biblioteca.fsp.usp.br\/index.php\/wp-json\/wp\/v2\/users\/1"}],"replies":[{"embeddable":true,"href":"https:\/\/biblioteca.fsp.usp.br\/index.php\/wp-json\/wp\/v2\/comments?post=2608"}],"version-history":[{"count":0,"href":"https:\/\/biblioteca.fsp.usp.br\/index.php\/wp-json\/wp\/v2\/pages\/2608\/revisions"}],"wp:attachment":[{"href":"https:\/\/biblioteca.fsp.usp.br\/index.php\/wp-json\/wp\/v2\/media?parent=2608"}],"curies":[{"name":"wp","href":"https:\/\/api.w.org\/{rel}","templated":true}]}}