{"id":26,"date":"2014-12-15T13:27:00","date_gmt":"2014-12-15T13:27:00","guid":{"rendered":"https:\/\/biblioteca.fsp.usp.br\/index.php\/blog-page_4731\/"},"modified":"2025-05-15T17:49:56","modified_gmt":"2025-05-15T20:49:56","slug":"blog-page_4731","status":"publish","type":"page","link":"https:\/\/biblioteca.fsp.usp.br\/index.php\/blog-page_5343\/blog-page_4731\/","title":{"rendered":"Regulamento e Diretrizes"},"content":{"rendered":"<p>&nbsp;<\/p>\n<p><a href=\"https:\/\/biblioteca.fsp.usp.br\/wp-content\/uploads\/2022\/11\/Regulamento_Biblioteca.pdf\">Regulamento para Acesso e Uso da Biblioteca\/CIR<\/a><\/p>\n<p>&nbsp;<\/p>\n<p><a href=\"https:\/\/biblioteca.fsp.usp.br\/wp-content\/uploads\/2019\/11\/dir_selecao_doacao.pdf\">Diretrizes para a\u00a0 sele\u00e7\u00e3o de publica\u00e7\u00f5es recebidas em doa\u00e7\u00e3o<\/a><\/p>\n<p>&nbsp;<\/p>\n","protected":false},"excerpt":{"rendered":"<p>&nbsp; Regulamento para Acesso e Uso da Biblioteca\/CIR &nbsp; Diretrizes para a\u00a0 sele\u00e7\u00e3o de publica\u00e7\u00f5es recebidas em doa\u00e7\u00e3o &nbsp;<\/p>\n","protected":false},"author":2,"featured_media":0,"parent":36,"menu_order":3,"comment_status":"closed","ping_status":"closed","template":"","meta":{"footnotes":""},"class_list":["post-26","page","type-page","status-publish","hentry"],"_links":{"self":[{"href":"https:\/\/biblioteca.fsp.usp.br\/index.php\/wp-json\/wp\/v2\/pages\/26","targetHints":{"allow":["GET"]}}],"collection":[{"href":"https:\/\/biblioteca.fsp.usp.br\/index.php\/wp-json\/wp\/v2\/pages"}],"about":[{"href":"https:\/\/biblioteca.fsp.usp.br\/index.php\/wp-json\/wp\/v2\/types\/page"}],"author":[{"embeddable":true,"href":"https:\/\/biblioteca.fsp.usp.br\/index.php\/wp-json\/wp\/v2\/users\/2"}],"replies":[{"embeddable":true,"href":"https:\/\/biblioteca.fsp.usp.br\/index.php\/wp-json\/wp\/v2\/comments?post=26"}],"version-history":[{"count":2,"href":"https:\/\/biblioteca.fsp.usp.br\/index.php\/wp-json\/wp\/v2\/pages\/26\/revisions"}],"predecessor-version":[{"id":2898,"href":"https:\/\/biblioteca.fsp.usp.br\/index.php\/wp-json\/wp\/v2\/pages\/26\/revisions\/2898"}],"up":[{"embeddable":true,"href":"https:\/\/biblioteca.fsp.usp.br\/index.php\/wp-json\/wp\/v2\/pages\/36"}],"wp:attachment":[{"href":"https:\/\/biblioteca.fsp.usp.br\/index.php\/wp-json\/wp\/v2\/media?parent=26"}],"curies":[{"name":"wp","href":"https:\/\/api.w.org\/{rel}","templated":true}]}}