{"id":1488,"date":"2017-01-04T11:28:55","date_gmt":"2017-01-04T11:28:55","guid":{"rendered":"https:\/\/biblioteca.fsp.usp.br\/?page_id=1488"},"modified":"2025-10-01T17:08:24","modified_gmt":"2025-10-01T20:08:24","slug":"equipe-da-biblioteca","status":"publish","type":"page","link":"https:\/\/biblioteca.fsp.usp.br\/index.php\/equipe-da-biblioteca\/","title":{"rendered":"Equipe da Biblioteca"},"content":{"rendered":"<p><strong>Bibliotec\u00e1rias<\/strong><\/p>\n<p>Alice Mari Miyazaki de Souza<br \/>\nLarissa de Lima Souza<br \/>\nLilian Viana<br \/>\nMaria do Carmo Avamilano Alvarez<\/p>\n<p><strong>T\u00e9cnicos<\/strong><\/p>\n<p>Gabriela Pinheiro da Concei\u00e7\u00e3o<br \/>\nGisele Luiza Cano de Oliveira<br \/>\nHelena N\u00fabia de Oliveira<br \/>\nLuciano Antonio Santos<br \/>\nMagaly Negrisoli<br \/>\nMaria do Carmo Silva de Oliveira<br \/>\nReginaldo Grenzi da Silva<br \/>\nRosangela Cavalcante Ferreira<\/p>\n<p><strong>Auxiliar<\/strong><\/p>\n<p>Antonia Aparecida Valerio da Silva<br \/>\nJos\u00e9 Francisco Machado de Oliveira<\/p>\n","protected":false},"excerpt":{"rendered":"<p>Bibliotec\u00e1rias Alice Mari Miyazaki de Souza Larissa de Lima Souza Lilian Viana Maria do Carmo Avamilano Alvarez T\u00e9cnicos Gabriela Pinheiro da Concei\u00e7\u00e3o Gisele Luiza Cano de Oliveira Helena N\u00fabia de Oliveira Luciano Antonio Santos Magaly Negrisoli Maria do Carmo Silva <a href=\"https:\/\/biblioteca.fsp.usp.br\/index.php\/equipe-da-biblioteca\/\" class=\"read-more\">Read More &#8230;<\/a><\/p>\n","protected":false},"author":2,"featured_media":0,"parent":0,"menu_order":0,"comment_status":"closed","ping_status":"closed","template":"","meta":{"footnotes":""},"class_list":["post-1488","page","type-page","status-publish","hentry"],"_links":{"self":[{"href":"https:\/\/biblioteca.fsp.usp.br\/index.php\/wp-json\/wp\/v2\/pages\/1488","targetHints":{"allow":["GET"]}}],"collection":[{"href":"https:\/\/biblioteca.fsp.usp.br\/index.php\/wp-json\/wp\/v2\/pages"}],"about":[{"href":"https:\/\/biblioteca.fsp.usp.br\/index.php\/wp-json\/wp\/v2\/types\/page"}],"author":[{"embeddable":true,"href":"https:\/\/biblioteca.fsp.usp.br\/index.php\/wp-json\/wp\/v2\/users\/2"}],"replies":[{"embeddable":true,"href":"https:\/\/biblioteca.fsp.usp.br\/index.php\/wp-json\/wp\/v2\/comments?post=1488"}],"version-history":[{"count":4,"href":"https:\/\/biblioteca.fsp.usp.br\/index.php\/wp-json\/wp\/v2\/pages\/1488\/revisions"}],"predecessor-version":[{"id":2918,"href":"https:\/\/biblioteca.fsp.usp.br\/index.php\/wp-json\/wp\/v2\/pages\/1488\/revisions\/2918"}],"wp:attachment":[{"href":"https:\/\/biblioteca.fsp.usp.br\/index.php\/wp-json\/wp\/v2\/media?parent=1488"}],"curies":[{"name":"wp","href":"https:\/\/api.w.org\/{rel}","templated":true}]}}